{"id":15208,"date":"2023-08-09T22:48:17","date_gmt":"2023-08-09T20:48:17","guid":{"rendered":"https:\/\/folgos.pl\/pl\/?page_id=15208"},"modified":"2023-08-10T12:10:26","modified_gmt":"2023-08-10T10:10:26","slug":"dsgvo","status":"publish","type":"page","link":"https:\/\/folgos.pl\/pl\/de\/dsgvo\/","title":{"rendered":"DSGVO"},"content":{"rendered":"\t\t<div data-elementor-type=\"wp-page\" data-elementor-id=\"15208\" class=\"elementor elementor-15208\">\n\t\t\t\t\t\t\t\t\t<section class=\"elementor-section elementor-top-section elementor-element elementor-element-2aa06204 elementor-section-boxed elementor-section-height-default elementor-section-height-default\" data-id=\"2aa06204\" data-element_type=\"section\" id=\"onas\">\n\t\t\t\t\t\t<div class=\"elementor-container elementor-column-gap-default\">\n\t\t\t\t\t<div class=\"elementor-column elementor-col-100 elementor-top-column elementor-element elementor-element-da9abcf\" data-id=\"da9abcf\" data-element_type=\"column\">\n\t\t\t<div class=\"elementor-widget-wrap elementor-element-populated\">\n\t\t\t\t\t\t\t\t<div class=\"elementor-element elementor-element-4cca9f5c poket-star-rating--align-center elementor-widget elementor-widget-witr_section_title\" data-id=\"4cca9f5c\" data-element_type=\"widget\" data-widget_type=\"witr_section_title.default\">\n\t\t\t\t<div class=\"elementor-widget-container\">\n\t\t\t\t\t\t\t\t<!-- title center -->\n\t\t\t\t\t<div class=\"witr_section_title\">\n\t\t\t\t\t\t<div class=\"witr_section_title_inner text-center\">\n\n\t\t\t\t\t\t\t<!-- icon position -->\n\t\t\t\t\t\t\t\t\n\t\t\t\t\t\t\t<!-- end icon position -->\n\t\t\t\t\t\t\t\n\t\t\t\t\t\t\n\t\t\t\t\t\t\t<!-- title top -->\n\t\t\t\t\t\t\t\t\t\t\t\t\t\t\t<h2>Informationen zur Verarbeitung personenbezogener Daten (DSGVO)<\/h2>\t\t\n\t\t\t\t\t\t\t\n\n\t\t\t\t\t\t\t<!-- icon position -->\n\t\t\t\t\t\t\t\t\n\t\t\t\t\t\t\t<!-- end icon position -->\n\n\n\t\t\t\t\t\t\t\n\t\t\t\t\t\t\t<!-- title middle -->\n\t\t\t\t\t\t\t\t\t\t\t\t\t\t\t<h3>FOLGOS<\/h3>\t\t\n\t\t\t\t\t\t\t\t\t\t\t\t\t\t<!-- title bottom -->\n\t\t\t\t\t\t\t\n\t\t\t\t\t\t\t\n\t\t\t\t\t\t\t\n\t\t\t\t\t\t\t\t\t\t\t\t\t\t\n\t\t\t\t\t\t\t<!-- image -->\n\t\t\t\t\t\t\t\t\t\t\t\t\t\t<!-- icon -->\n\t\t\t\t\t\t\t\t\t\t\t\t\t\t\n\t\t\t\t\t\t\t<!-- bar -->\n\t\t\t\t\t\t\t\t\t\t\t\t\t\t<!-- circle bar -->\n\t\t\t\t\t\t\t\t\t\t\t\t\t\t\n\t\t\t\t\t\t\t\t\n\t\t\t\t\t\t\t\n\n\t\t\t\t\t\t\t\n\t\t\t\t\t\t\t<!-- content -->\n\t\t\t\t\t\t\t\t\t\t\t\t\t\t\n\t\t\t\t\t\t<\/div>\n\t\t\t\t\t\t\t<!-- inner title -->\n\t\t\t\t\t\t\t\t\t\t\t\t\t\n\t\t\t\t\t<\/div>\n\n\t\t\t\t\t\t<\/div>\n\t\t\t\t<\/div>\n\t\t\t\t<div class=\"elementor-element elementor-element-5dd775c elementor-widget-divider--view-line elementor-widget elementor-widget-divider\" data-id=\"5dd775c\" data-element_type=\"widget\" data-widget_type=\"divider.default\">\n\t\t\t\t<div class=\"elementor-widget-container\">\n\t\t\t<style>\/*! elementor - v3.17.0 - 08-11-2023 *\/\n.elementor-widget-divider{--divider-border-style:none;--divider-border-width:1px;--divider-color:#0c0d0e;--divider-icon-size:20px;--divider-element-spacing:10px;--divider-pattern-height:24px;--divider-pattern-size:20px;--divider-pattern-url:none;--divider-pattern-repeat:repeat-x}.elementor-widget-divider .elementor-divider{display:flex}.elementor-widget-divider .elementor-divider__text{font-size:15px;line-height:1;max-width:95%}.elementor-widget-divider .elementor-divider__element{margin:0 var(--divider-element-spacing);flex-shrink:0}.elementor-widget-divider .elementor-icon{font-size:var(--divider-icon-size)}.elementor-widget-divider .elementor-divider-separator{display:flex;margin:0;direction:ltr}.elementor-widget-divider--view-line_icon .elementor-divider-separator,.elementor-widget-divider--view-line_text .elementor-divider-separator{align-items:center}.elementor-widget-divider--view-line_icon .elementor-divider-separator:after,.elementor-widget-divider--view-line_icon .elementor-divider-separator:before,.elementor-widget-divider--view-line_text .elementor-divider-separator:after,.elementor-widget-divider--view-line_text .elementor-divider-separator:before{display:block;content:\"\";border-bottom:0;flex-grow:1;border-top:var(--divider-border-width) var(--divider-border-style) var(--divider-color)}.elementor-widget-divider--element-align-left .elementor-divider .elementor-divider-separator>.elementor-divider__svg:first-of-type{flex-grow:0;flex-shrink:100}.elementor-widget-divider--element-align-left .elementor-divider-separator:before{content:none}.elementor-widget-divider--element-align-left .elementor-divider__element{margin-left:0}.elementor-widget-divider--element-align-right .elementor-divider .elementor-divider-separator>.elementor-divider__svg:last-of-type{flex-grow:0;flex-shrink:100}.elementor-widget-divider--element-align-right .elementor-divider-separator:after{content:none}.elementor-widget-divider--element-align-right .elementor-divider__element{margin-right:0}.elementor-widget-divider:not(.elementor-widget-divider--view-line_text):not(.elementor-widget-divider--view-line_icon) .elementor-divider-separator{border-top:var(--divider-border-width) var(--divider-border-style) var(--divider-color)}.elementor-widget-divider--separator-type-pattern{--divider-border-style:none}.elementor-widget-divider--separator-type-pattern.elementor-widget-divider--view-line .elementor-divider-separator,.elementor-widget-divider--separator-type-pattern:not(.elementor-widget-divider--view-line) .elementor-divider-separator:after,.elementor-widget-divider--separator-type-pattern:not(.elementor-widget-divider--view-line) .elementor-divider-separator:before,.elementor-widget-divider--separator-type-pattern:not([class*=elementor-widget-divider--view]) .elementor-divider-separator{width:100%;min-height:var(--divider-pattern-height);-webkit-mask-size:var(--divider-pattern-size) 100%;mask-size:var(--divider-pattern-size) 100%;-webkit-mask-repeat:var(--divider-pattern-repeat);mask-repeat:var(--divider-pattern-repeat);background-color:var(--divider-color);-webkit-mask-image:var(--divider-pattern-url);mask-image:var(--divider-pattern-url)}.elementor-widget-divider--no-spacing{--divider-pattern-size:auto}.elementor-widget-divider--bg-round{--divider-pattern-repeat:round}.rtl .elementor-widget-divider .elementor-divider__text{direction:rtl}.e-con-inner>.elementor-widget-divider,.e-con>.elementor-widget-divider{width:var(--container-widget-width,100%);--flex-grow:var(--container-widget-flex-grow)}<\/style>\t\t<div class=\"elementor-divider\">\n\t\t\t<span class=\"elementor-divider-separator\">\n\t\t\t\t\t\t<\/span>\n\t\t<\/div>\n\t\t\t\t<\/div>\n\t\t\t\t<\/div>\n\t\t\t\t<div class=\"elementor-element elementor-element-44205a3 elementor-widget elementor-widget-spacer\" data-id=\"44205a3\" data-element_type=\"widget\" data-widget_type=\"spacer.default\">\n\t\t\t\t<div class=\"elementor-widget-container\">\n\t\t\t<style>\/*! elementor - v3.17.0 - 08-11-2023 *\/\n.elementor-column .elementor-spacer-inner{height:var(--spacer-size)}.e-con{--container-widget-width:100%}.e-con-inner>.elementor-widget-spacer,.e-con>.elementor-widget-spacer{width:var(--container-widget-width,var(--spacer-size));--align-self:var(--container-widget-align-self,initial);--flex-shrink:0}.e-con-inner>.elementor-widget-spacer>.elementor-widget-container,.e-con>.elementor-widget-spacer>.elementor-widget-container{height:100%;width:100%}.e-con-inner>.elementor-widget-spacer>.elementor-widget-container>.elementor-spacer,.e-con>.elementor-widget-spacer>.elementor-widget-container>.elementor-spacer{height:100%}.e-con-inner>.elementor-widget-spacer>.elementor-widget-container>.elementor-spacer>.elementor-spacer-inner,.e-con>.elementor-widget-spacer>.elementor-widget-container>.elementor-spacer>.elementor-spacer-inner{height:var(--container-widget-height,var(--spacer-size))}.e-con-inner>.elementor-widget-spacer.elementor-widget-empty,.e-con>.elementor-widget-spacer.elementor-widget-empty{position:relative;min-height:22px;min-width:22px}.e-con-inner>.elementor-widget-spacer.elementor-widget-empty .elementor-widget-empty-icon,.e-con>.elementor-widget-spacer.elementor-widget-empty .elementor-widget-empty-icon{position:absolute;top:0;bottom:0;left:0;right:0;margin:auto;padding:0;width:22px;height:22px}<\/style>\t\t<div class=\"elementor-spacer\">\n\t\t\t<div class=\"elementor-spacer-inner\"><\/div>\n\t\t<\/div>\n\t\t\t\t<\/div>\n\t\t\t\t<\/div>\n\t\t\t\t<div class=\"elementor-element elementor-element-908f24d elementor-widget elementor-widget-text-editor\" data-id=\"908f24d\" data-element_type=\"widget\" data-widget_type=\"text-editor.default\">\n\t\t\t\t<div class=\"elementor-widget-container\">\n\t\t\t<style>\/*! elementor - v3.17.0 - 08-11-2023 *\/\n.elementor-widget-text-editor.elementor-drop-cap-view-stacked .elementor-drop-cap{background-color:#69727d;color:#fff}.elementor-widget-text-editor.elementor-drop-cap-view-framed .elementor-drop-cap{color:#69727d;border:3px solid;background-color:transparent}.elementor-widget-text-editor:not(.elementor-drop-cap-view-default) .elementor-drop-cap{margin-top:8px}.elementor-widget-text-editor:not(.elementor-drop-cap-view-default) .elementor-drop-cap-letter{width:1em;height:1em}.elementor-widget-text-editor .elementor-drop-cap{float:left;text-align:center;line-height:1;font-size:50px}.elementor-widget-text-editor .elementor-drop-cap-letter{display:inline-block}<\/style>\t\t\t\t<p><strong><b>Informationen zur Verarbeitung personenbezogener Daten (DSGVO):<\/b><\/strong><\/p><p>Gem\u00e4\u00df Art. 13 Abs. 1-2 der Verordnung (EU) 2016\/679 des Europ\u00e4ischen Parlaments und des Rates vom 27.04.2016 zum Schutz nat\u00fcrlicher Personen bei der Verarbeitung personenbezogener Daten, zum freien Datenverkehr und zur Aufhebung der Richtlinie 95\/46\/EG (Datenschutz-Grundverordnung) (GBl. EU L 119, S. 1) \u2013 nachstehend: DSGVO genannt \u2013 m\u00f6chten wir Sie dar\u00fcber informieren:<\/p><p><strong><b>I. Der f\u00fcr die Verarbeitung personenbezogener Daten Verantwortliche<\/b><\/strong><\/p><ol><li>Folgos Gesellschaft mit beschr\u00e4nkter Haftung mit Sitz in Grabon\u00f3g 67C , 63-820 Piaski, Polska ist der f\u00fcr die Verarbeitung Ihrer offengelegten personenbezogenen Daten nat\u00fcrlicher Personen Verantwortliche.<br \/>2. Der Ort der Verarbeitung personenbezogener Daten ist der Sitz der Gesellschaft Folgos Sp. z o.o. [GmbH]und jeder andere Niederlassung der Gesellschaft Folgos Sp. z o.o. [GmbH].<\/li><\/ol><p><strong><b>II. Datenschutzbeauftragter<\/b><\/strong><\/p><p>Die Gesellschaft bestellt keinen Datenschutzbeauftragten. In allen Fragen zur Datenverarbeitung k\u00f6nnen Sie mit dem f\u00fcr die Verarbeitung personenbezogener Daten Verantwortlichen unter der E-Mail-Adresse: hklamecki@folgos.pl oder per Postadresse: Grabon\u00f3g 67C , 63-820 Piaski, Polska, Kontakt aufnehmen<\/p><p><strong><b>III. Zwecke und Grundlagen der Verarbeitung personenbezogener Daten<\/b><\/strong><\/p><ol><li>Die Zwecke und Grundlagen der Verarbeitung personenbezogener Daten richten sich stets nach den Bestimmungen der DSGVO.<\/li><li>Die Grundlage der Datenverarbeitung kann die Einwilligung zu deren Verarbeitung, die Umsetzung oder der Abschluss eines Vertrages, eine rechtliche Verpflichtung des f\u00fcr die Verarbeitung personenbezogener Daten Verantwortlichen oder die gesetzlichen Interessen des f\u00fcr die Verarbeitung personenbezogener Daten Verantwortlichen sein.<\/li><li>Im Falle einer Datenverarbeitung auf der Grundlage der erteilten Einwilligung haben Sie das Recht, Ihre Einwilligung zur Verarbeitung personenbezogener Daten jederzeit zu widerrufen. Ein Widerruf der Einwilligung ber\u00fchrt jedoch nicht die Rechtm\u00e4\u00dfigkeit der Verarbeitung aufgrund einer zuvor erteilten Einwilligung vor deren Widerruf.<\/li><\/ol><p><strong><b>IV. Widerspruchsrecht<\/b><\/strong><\/p><ol><li>Die Person, deren personenbezogene Daten verarbeitet werden, hat jederzeit das Recht, der Verarbeitung personenbezogener Daten zu widersprechen.<\/li><li>Der f\u00fcr die Verarbeitung personenbezogener Daten Verantwortliche wird die Verarbeitung personenbezogener Daten f\u00fcr die oben genannten Zwecke einstellen, es sei denn, er kann nachweisen, dass f\u00fcr ihn in Bezug auf diese Daten g\u00fcltige rechtlich begr\u00fcndete Gr\u00fcnde vorliegen, die Vorrang vor Interessen, Rechten und Freiheiten der Person haben, deren Daten verarbeitet werden, oder deren Daten f\u00fcr eine m\u00f6gliche Feststellung, Verfolgung oder Verteidigung von Anspr\u00fcchen erforderlich sind.<\/li><li>Die Person, deren Daten verarbeitet werden, hat jederzeit das Recht, der Verarbeitung personenbezogener Daten zum Zwecke des Direktmarketings zu widersprechen. Wenn die Person, deren Daten verarbeitet werden, dieses Recht in Anspruch nimmt, so wird der f\u00fcr die Verarbeitung personenbezogener Daten Verantwortliche die Verarbeitung der Daten zu diesem Zweck einstellen.<\/li><\/ol><p><strong><b> <br \/>IV. Zeitraum der Datenspeicherung<\/b><\/strong><\/p><ol><li>Personenbezogene Daten werden verarbeitet, sofern rechtliche und sachliche Gr\u00fcnde daf\u00fcr vorliegen.<\/li><li>Daten, die zum Zwecke der Direktvermarktung unserer Produkte und Dienstleistungen verarbeitet werden, k\u00f6nnen verarbeitet werden, bis der Widerspruch gegen deren Verarbeitung zu Marketingzwecken eingelegt wird oder der f\u00fcr die Verarbeitung personenbezogener Daten Verantwortlicher feststellt, dass die Daten ung\u00fcltig sind.<\/li><\/ol><p><strong><b>VI. Datenempf\u00e4nger<\/b><\/strong><\/p><p>Auf die dem f\u00fcr die Verarbeitung personenbezogener Daten Verantwortlichen zur Verf\u00fcgung gestellten personenbezogenen Daten k\u00f6nnen seine\u00a0 Subunternehmer zugreifen, d.h.<\/p><p>\u00a0 \u2013 Transportfirmen, die vom f\u00fcr die Verarbeitung personenbezogener Daten Verantwortlichen mit Transportdienstleistungen beauftragt werden, in begrenztem Umfang wie z. B.: Ort der Be- und Entladung,<\/p><p>\u2013 Firmen, die f\u00fcr den f\u00fcr die Verarbeitung personenbezogener Daten Verantwortlichen Rechts- und Buchhaltungsdienstleistungen erbringen,<\/p><p>\u2013 Firmen, die f\u00fcr den f\u00fcr die Verarbeitung personenbezogener Daten Verantwortlichen Dienstleistungen in Bezug auf Umweltschutz und Arbeitsschutz erbringen;<\/p><p>\u2013 Firmen, die IT-Dienstleistungen im Zusammenhang mit der direkten Wartung der korrekten Funktion von Buchhaltungs- und Speichersystemen erbringen;<\/p><p>\u2013 Schadensregulierer<\/p><p>\u2013 im Schadensfall.<\/p><p><strong><br \/>VII. Rechte der betroffenen Personen:<\/strong><\/p><p>Gem\u00e4\u00df DSGVO hat eine Person, deren Daten vom f\u00fcr die Verarbeitung personenbezogener Daten Verantwortlichen verarbeitet werden, Anspruch auf:<\/p><p>\u2013 das Recht, auf ihre Daten zuzugreifen und eine Kopie davon zu erhalten;<\/p><p>\u2013 das Recht, ihre Daten zu berichtigen (zu \u00e4ndern);<\/p><p>\u2013 das Recht, ihre Daten zu l\u00f6schen, die Datenverarbeitung einzuschr\u00e4nken;<\/p><p>\u2013 das Recht, der Datenverarbeitung zu widersprechen;<\/p><p>\u2013 das Recht auf Daten\u00fcbertragbarkeit;<\/p><p>\u2013 das Recht auf Beschwerde bei einer Aufsichtsbeh\u00f6rde.<\/p><p><strong><b><br \/>VIII. Information zur Anforderung \/ freiwilligen Bereitstellung von Daten<\/b><\/strong><\/p><p>Die Bereitstellung von Daten ist freiwillig, sie kann jedoch erforderlich sein, um den Vertrag abzuschlie\u00dfen oderumzusetzen oder andere Aktivit\u00e4ten durchzuf\u00fchren.<\/p>\t\t\t\t\t\t<\/div>\n\t\t\t\t<\/div>\n\t\t\t\t\t<\/div>\n\t\t<\/div>\n\t\t\t\t\t\t\t<\/div>\n\t\t<\/section>\n\t\t\t\t<section class=\"elementor-section elementor-top-section elementor-element elementor-element-58c0598 elementor-section-boxed elementor-section-height-default elementor-section-height-default\" data-id=\"58c0598\" data-element_type=\"section\">\n\t\t\t\t\t\t<div class=\"elementor-container elementor-column-gap-default\">\n\t\t\t\t\t<div class=\"elementor-column elementor-col-100 elementor-top-column elementor-element elementor-element-bd177a0\" data-id=\"bd177a0\" data-element_type=\"column\">\n\t\t\t<div class=\"elementor-widget-wrap elementor-element-populated\">\n\t\t\t\t\t\t\t\t<div class=\"elementor-element elementor-element-2a6efb9 elementor-widget elementor-widget-spacer\" data-id=\"2a6efb9\" data-element_type=\"widget\" data-widget_type=\"spacer.default\">\n\t\t\t\t<div class=\"elementor-widget-container\">\n\t\t\t\t\t<div class=\"elementor-spacer\">\n\t\t\t<div class=\"elementor-spacer-inner\"><\/div>\n\t\t<\/div>\n\t\t\t\t<\/div>\n\t\t\t\t<\/div>\n\t\t\t\t\t<\/div>\n\t\t<\/div>\n\t\t\t\t\t\t\t<\/div>\n\t\t<\/section>\n\t\t\t\t\t\t\t<\/div>\n\t\t","protected":false},"excerpt":{"rendered":"<p>Informationen zur Verarbeitung personenbezogener Daten (DSGVO) FOLGOS Informationen zur Verarbeitung personenbezogener Daten (DSGVO): Gem\u00e4\u00df Art. 13 Abs. 1-2 der Verordnung (EU) 2016\/679 des Europ\u00e4ischen Parlaments und des Rates vom 27.04.2016 zum Schutz nat\u00fcrlicher Personen bei der Verarbeitung personenbezogener Daten, zum freien Datenverkehr und zur Aufhebung der Richtlinie 95\/46\/EG (Datenschutz-Grundverordnung) (GBl. EU L 119, S. 1) [&hellip;]<\/p>\n","protected":false},"author":3,"featured_media":0,"parent":0,"menu_order":0,"comment_status":"closed","ping_status":"closed","template":"template-home.php","meta":{"footnotes":""},"class_list":["post-15208","page","type-page","status-publish","hentry"],"yoast_head":"<!-- This site is optimized with the Yoast SEO plugin v23.9 - https:\/\/yoast.com\/wordpress\/plugins\/seo\/ -->\n<title>DSGVO &#8212; FOLGOS<\/title>\n<meta name=\"robots\" content=\"index, follow, max-snippet:-1, max-image-preview:large, max-video-preview:-1\" \/>\n<link rel=\"canonical\" href=\"https:\/\/folgos.pl\/pl\/de\/dsgvo\/\" \/>\n<meta property=\"og:locale\" content=\"pl_PL\" \/>\n<meta property=\"og:type\" content=\"article\" \/>\n<meta property=\"og:title\" content=\"DSGVO &#8212; FOLGOS\" \/>\n<meta property=\"og:description\" content=\"Informationen zur Verarbeitung personenbezogener Daten (DSGVO) FOLGOS Informationen zur Verarbeitung personenbezogener Daten (DSGVO): Gem\u00e4\u00df Art. 13 Abs. 1-2 der Verordnung (EU) 2016\/679 des Europ\u00e4ischen Parlaments und des Rates vom 27.04.2016 zum Schutz nat\u00fcrlicher Personen bei der Verarbeitung personenbezogener Daten, zum freien Datenverkehr und zur Aufhebung der Richtlinie 95\/46\/EG (Datenschutz-Grundverordnung) (GBl. EU L 119, S. 1) [&hellip;]\" \/>\n<meta property=\"og:url\" content=\"https:\/\/folgos.pl\/pl\/de\/dsgvo\/\" \/>\n<meta property=\"og:site_name\" content=\"FOLGOS\" \/>\n<meta property=\"article:publisher\" content=\"https:\/\/www.facebook.com\/Folgos.Polska\" \/>\n<meta property=\"article:modified_time\" content=\"2023-08-10T10:10:26+00:00\" \/>\n<meta property=\"og:image\" content=\"https:\/\/folgos.pl\/pl\/wp-content\/uploads\/2023\/07\/folia-home.jpg\" \/>\n\t<meta property=\"og:image:width\" content=\"1300\" \/>\n\t<meta property=\"og:image:height\" content=\"900\" \/>\n\t<meta property=\"og:image:type\" content=\"image\/jpeg\" \/>\n<meta name=\"twitter:card\" content=\"summary_large_image\" \/>\n<meta name=\"twitter:label1\" content=\"Szacowany czas czytania\" \/>\n\t<meta name=\"twitter:data1\" content=\"3 minuty\" \/>\n<script type=\"application\/ld+json\" class=\"yoast-schema-graph\">{\"@context\":\"https:\/\/schema.org\",\"@graph\":[{\"@type\":\"WebPage\",\"@id\":\"https:\/\/folgos.pl\/pl\/de\/dsgvo\/\",\"url\":\"https:\/\/folgos.pl\/pl\/de\/dsgvo\/\",\"name\":\"DSGVO &#8212; FOLGOS\",\"isPartOf\":{\"@id\":\"https:\/\/folgos.pl\/pl\/#website\"},\"datePublished\":\"2023-08-09T20:48:17+00:00\",\"dateModified\":\"2023-08-10T10:10:26+00:00\",\"breadcrumb\":{\"@id\":\"https:\/\/folgos.pl\/pl\/de\/dsgvo\/#breadcrumb\"},\"inLanguage\":\"pl-PL\",\"potentialAction\":[{\"@type\":\"ReadAction\",\"target\":[\"https:\/\/folgos.pl\/pl\/de\/dsgvo\/\"]}]},{\"@type\":\"BreadcrumbList\",\"@id\":\"https:\/\/folgos.pl\/pl\/de\/dsgvo\/#breadcrumb\",\"itemListElement\":[{\"@type\":\"ListItem\",\"position\":1,\"name\":\"Strona g\u0142\u00f3wna\",\"item\":\"https:\/\/folgos.pl\/pl\/\"},{\"@type\":\"ListItem\",\"position\":2,\"name\":\"DSGVO\"}]},{\"@type\":\"WebSite\",\"@id\":\"https:\/\/folgos.pl\/pl\/#website\",\"url\":\"https:\/\/folgos.pl\/pl\/\",\"name\":\"FOLGOS - producent ekologicznej folii\",\"description\":\"\u0141\u0105czymy jako\u015b\u0107 z ekologi\u0105\",\"publisher\":{\"@id\":\"https:\/\/folgos.pl\/pl\/#organization\"},\"potentialAction\":[{\"@type\":\"SearchAction\",\"target\":{\"@type\":\"EntryPoint\",\"urlTemplate\":\"https:\/\/folgos.pl\/pl\/?s={search_term_string}\"},\"query-input\":{\"@type\":\"PropertyValueSpecification\",\"valueRequired\":true,\"valueName\":\"search_term_string\"}}],\"inLanguage\":\"pl-PL\"},{\"@type\":\"Organization\",\"@id\":\"https:\/\/folgos.pl\/pl\/#organization\",\"name\":\"FOLGOS\",\"url\":\"https:\/\/folgos.pl\/pl\/\",\"logo\":{\"@type\":\"ImageObject\",\"inLanguage\":\"pl-PL\",\"@id\":\"https:\/\/folgos.pl\/pl\/#\/schema\/logo\/image\/\",\"url\":\"https:\/\/folgos.pl\/pl\/wp-content\/uploads\/2023\/06\/Folgos_logo_RGB_v17-05-23.png\",\"contentUrl\":\"https:\/\/folgos.pl\/pl\/wp-content\/uploads\/2023\/06\/Folgos_logo_RGB_v17-05-23.png\",\"width\":439,\"height\":178,\"caption\":\"FOLGOS\"},\"image\":{\"@id\":\"https:\/\/folgos.pl\/pl\/#\/schema\/logo\/image\/\"},\"sameAs\":[\"https:\/\/www.facebook.com\/Folgos.Polska\",\"https:\/\/www.linkedin.com\/company\/folgos\/\"]}]}<\/script>\n<!-- \/ Yoast SEO plugin. -->","yoast_head_json":{"title":"DSGVO &#8212; FOLGOS","robots":{"index":"index","follow":"follow","max-snippet":"max-snippet:-1","max-image-preview":"max-image-preview:large","max-video-preview":"max-video-preview:-1"},"canonical":"https:\/\/folgos.pl\/pl\/de\/dsgvo\/","og_locale":"pl_PL","og_type":"article","og_title":"DSGVO &#8212; FOLGOS","og_description":"Informationen zur Verarbeitung personenbezogener Daten (DSGVO) FOLGOS Informationen zur Verarbeitung personenbezogener Daten (DSGVO): Gem\u00e4\u00df Art. 13 Abs. 1-2 der Verordnung (EU) 2016\/679 des Europ\u00e4ischen Parlaments und des Rates vom 27.04.2016 zum Schutz nat\u00fcrlicher Personen bei der Verarbeitung personenbezogener Daten, zum freien Datenverkehr und zur Aufhebung der Richtlinie 95\/46\/EG (Datenschutz-Grundverordnung) (GBl. EU L 119, S. 1) [&hellip;]","og_url":"https:\/\/folgos.pl\/pl\/de\/dsgvo\/","og_site_name":"FOLGOS","article_publisher":"https:\/\/www.facebook.com\/Folgos.Polska","article_modified_time":"2023-08-10T10:10:26+00:00","og_image":[{"width":1300,"height":900,"url":"https:\/\/folgos.pl\/pl\/wp-content\/uploads\/2023\/07\/folia-home.jpg","type":"image\/jpeg"}],"twitter_card":"summary_large_image","twitter_misc":{"Szacowany czas czytania":"3 minuty"},"schema":{"@context":"https:\/\/schema.org","@graph":[{"@type":"WebPage","@id":"https:\/\/folgos.pl\/pl\/de\/dsgvo\/","url":"https:\/\/folgos.pl\/pl\/de\/dsgvo\/","name":"DSGVO &#8212; FOLGOS","isPartOf":{"@id":"https:\/\/folgos.pl\/pl\/#website"},"datePublished":"2023-08-09T20:48:17+00:00","dateModified":"2023-08-10T10:10:26+00:00","breadcrumb":{"@id":"https:\/\/folgos.pl\/pl\/de\/dsgvo\/#breadcrumb"},"inLanguage":"pl-PL","potentialAction":[{"@type":"ReadAction","target":["https:\/\/folgos.pl\/pl\/de\/dsgvo\/"]}]},{"@type":"BreadcrumbList","@id":"https:\/\/folgos.pl\/pl\/de\/dsgvo\/#breadcrumb","itemListElement":[{"@type":"ListItem","position":1,"name":"Strona g\u0142\u00f3wna","item":"https:\/\/folgos.pl\/pl\/"},{"@type":"ListItem","position":2,"name":"DSGVO"}]},{"@type":"WebSite","@id":"https:\/\/folgos.pl\/pl\/#website","url":"https:\/\/folgos.pl\/pl\/","name":"FOLGOS - producent ekologicznej folii","description":"\u0141\u0105czymy jako\u015b\u0107 z ekologi\u0105","publisher":{"@id":"https:\/\/folgos.pl\/pl\/#organization"},"potentialAction":[{"@type":"SearchAction","target":{"@type":"EntryPoint","urlTemplate":"https:\/\/folgos.pl\/pl\/?s={search_term_string}"},"query-input":{"@type":"PropertyValueSpecification","valueRequired":true,"valueName":"search_term_string"}}],"inLanguage":"pl-PL"},{"@type":"Organization","@id":"https:\/\/folgos.pl\/pl\/#organization","name":"FOLGOS","url":"https:\/\/folgos.pl\/pl\/","logo":{"@type":"ImageObject","inLanguage":"pl-PL","@id":"https:\/\/folgos.pl\/pl\/#\/schema\/logo\/image\/","url":"https:\/\/folgos.pl\/pl\/wp-content\/uploads\/2023\/06\/Folgos_logo_RGB_v17-05-23.png","contentUrl":"https:\/\/folgos.pl\/pl\/wp-content\/uploads\/2023\/06\/Folgos_logo_RGB_v17-05-23.png","width":439,"height":178,"caption":"FOLGOS"},"image":{"@id":"https:\/\/folgos.pl\/pl\/#\/schema\/logo\/image\/"},"sameAs":["https:\/\/www.facebook.com\/Folgos.Polska","https:\/\/www.linkedin.com\/company\/folgos\/"]}]}},"_links":{"self":[{"href":"https:\/\/folgos.pl\/pl\/wp-json\/wp\/v2\/pages\/15208","targetHints":{"allow":["GET"]}}],"collection":[{"href":"https:\/\/folgos.pl\/pl\/wp-json\/wp\/v2\/pages"}],"about":[{"href":"https:\/\/folgos.pl\/pl\/wp-json\/wp\/v2\/types\/page"}],"author":[{"embeddable":true,"href":"https:\/\/folgos.pl\/pl\/wp-json\/wp\/v2\/users\/3"}],"replies":[{"embeddable":true,"href":"https:\/\/folgos.pl\/pl\/wp-json\/wp\/v2\/comments?post=15208"}],"version-history":[{"count":7,"href":"https:\/\/folgos.pl\/pl\/wp-json\/wp\/v2\/pages\/15208\/revisions"}],"predecessor-version":[{"id":15262,"href":"https:\/\/folgos.pl\/pl\/wp-json\/wp\/v2\/pages\/15208\/revisions\/15262"}],"wp:attachment":[{"href":"https:\/\/folgos.pl\/pl\/wp-json\/wp\/v2\/media?parent=15208"}],"curies":[{"name":"wp","href":"https:\/\/api.w.org\/{rel}","templated":true}]}}